{"id":2759,"date":"2025-12-01T02:49:48","date_gmt":"2025-11-30T23:49:48","guid":{"rendered":"https:\/\/luzzyrestaurant.com\/?post_type=product&#038;p=2759"},"modified":"2025-12-02T23:55:29","modified_gmt":"2025-12-02T20:55:29","slug":"veggie-burger-menu-vegan","status":"publish","type":"product","link":"https:\/\/luzzyrestaurant.com\/en\/product\/veggie-burger-menu-vegan\/","title":{"rendered":"Veggie Burger Men\u00fc (Vegan)"},"content":{"rendered":"<p data-start=\"257\" data-end=\"642\">Tamamen bitkisel i\u00e7eriklerle haz\u0131rlanan <strong data-start=\"297\" data-end=\"327\">Veggie Burger Men\u00fc (Vegan)<\/strong>, hafif, lezzetli ve doyurucu bir burger alternatifi arayanlar i\u00e7in m\u00fckemmel bir se\u00e7imdir. Zengin sebze kar\u0131\u015f\u0131m\u0131yla haz\u0131rlanan <strong data-start=\"454\" data-end=\"471\">veggie burger<\/strong>, besleyici yap\u0131s\u0131yla \u00f6ne \u00e7\u0131karken; yan\u0131nda servis edilen <strong data-start=\"529\" data-end=\"560\">t\u0131rt\u0131kl\u0131 patates k\u0131zartmas\u0131<\/strong> ve ferahlat\u0131c\u0131 <strong data-start=\"576\" data-end=\"593\">330 ml i\u00e7ecek<\/strong> ile birlikte keyifli bir vegan men\u00fc olu\u015fturur.<\/p>\n<p data-start=\"644\" data-end=\"907\">Hem vegan beslenenlere hem de bitkisel tatlara y\u00f6nelenlere hitap eden bu men\u00fc, do\u011fal i\u00e7erikleri ve dengeli aromas\u0131yla g\u00fcn\u00fcn her an\u0131nda tercih edilebilir. Luzzy Restaurant\u2019\u0131n \u00f6zenle haz\u0131rlad\u0131\u011f\u0131 Veggie Burger Men\u00fc ile sa\u011fl\u0131kl\u0131 ve lezzetli bir deneyim sizi bekliyor!<\/p>","protected":false},"excerpt":{"rendered":"<p data-start=\"935\" data-end=\"1151\">Veggie Burger Men\u00fc (Vegan): Bitkisel veggie burger, t\u0131rt\u0131kl\u0131 patates k\u0131zartmas\u0131 ve 330 ml i\u00e7ecekle haz\u0131rlanan lezzetli ve tamamen vegan burger men\u00fcs\u00fc. Sa\u011fl\u0131kl\u0131 ve hafif vegan se\u00e7enekleri Luzzy Restaurant\u2019ta ke\u015ffedin!<\/p>","protected":false},"featured_media":0,"comment_status":"open","ping_status":"closed","template":"","meta":{"inline_featured_image":false,"_monsterinsights_skip_tracking":false,"_monsterinsights_sitenote_active":false,"_monsterinsights_sitenote_note":"","_monsterinsights_sitenote_category":0},"product_brand":[72],"product_cat":[32],"product_tag":[414,394,396,393,413,312,415],"class_list":{"0":"post-2759","1":"product","2":"type-product","3":"status-publish","5":"product_brand-luzzy-restaurant","6":"product_cat-burger-menu","7":"product_tag-bitkisel-menu","8":"product_tag-icecekli-menu","9":"product_tag-luzzy-burger","10":"product_tag-tirtikli-patates","11":"product_tag-vegan-burger","12":"product_tag-vegan-secenek","13":"product_tag-veggie-burger","14":"wcpa_has_options","16":"first","17":"instock","18":"taxable","19":"shipping-taxable","20":"purchasable","21":"product-type-simple"},"aioseo_notices":[],"wcpa_form_fields":{"wcpaData":{"product":{"product_price":599,"price_html":"<span class=\"woocommerce-Price-amount amount\"><bdi><span class=\"woocommerce-Price-currencySymbol\">&#8378;<\/span>599,00<\/bdi><\/span>","original_product_price":599,"price_including_tax":599,"price_excluding_tax":544.54545499999994717654772102832794189453125,"product_id":{"parent":2759,"variation":false},"is_variable":false,"stock_status":"instock","stock_quantity":null,"parent_sku":"","product_attributes":[],"custom_fields":[],"is_taxable":true,"product_name":"Veggie Burger Men\u00fc (Vegan)"},"fields":{"sec_5692db8a1e947b":{"extra":{"key":"sec_5692db8a1e947b","section_id":"sec_5692db8a1e947b","name":"Default","status":1,"cl_rule":"show","enableCl":false,"relations":[],"toggle":true,"title_tag":"h3","show_title":false,"showPrice":"default","form_id":2872,"form_rules":{"exclude_from_discount":false,"fee_label":"\u00dccret","disp_hide_options_price":false,"disp_show_section_price":false,"disp_show_field_price":true,"layout_option":"standard","pric_use_as_fee":false,"process_fee_as":"woo_fee"},"layout_option":"standard"},"fields":[[{"active":true,"col":6,"relations":false,"cl_rule":"show","enableCl":false,"price":"","enablePrice":false,"className":"","label_position":"default","desc_position":"default","type":"radio-group","required":true,"elementId":"radio_6040891181","label":"\u0130\u00e7ece\u011finizi Se\u00e7in L\u00fctfen","name":"radio_6040891181","values":[{"label":" Coca Cola","value":"Coca Cola","selected":true,"tempId":"aco_704","gt_translate_keys":["label"]},{"label":" Coca Cola Zero Sugar","value":"Coca Cola Zero Sugar","selected":false,"tempId":"aco_705","gt_translate_keys":["label"]},{"label":"Fanta","value":"Fanta","selected":false,"tempId":"aco_706","gt_translate_keys":["label"]},{"label":"Sprite","value":"Sprite","selected":false,"tempId":"aco_779","gt_translate_keys":["label"]},{"label":"Fuse Tea \u015eeftali","value":"Fuse Tea \u015eeftali","selected":false,"tempId":"aco_789","gt_translate_keys":["label"]}],"layOut":"col-3","error":false,"checkUi":"","gt_translate_keys":["label"],"price_dependency":false,"cl_dependency":false,"value":""}]]}},"config":{"price_override":"","enable_recaptcha":false,"bind_quantity":false,"quantity_bind_formula":false,"disp_summ_show_option_price":true,"disp_summ_show_product_price":true,"disp_summ_show_total_price":true,"disp_summ_show_fee":false,"disp_summ_show_discount":false,"summary_title":"","options_total_label":"Se\u00e7enek Fiyat\u0131","total_label":"Toplam","options_product_label":"\u00dcr\u00fcn Fiyat\u0131","fee_label":"\u00dccret","discount_label":"\u0130ndirim","has_price":true,"has_quantity_formula":false},"mc_unit":1,"tax_rate":1,"tax_rate_real":0.1000000000000000055511151231257827021181583404541015625,"discount":{"percentage":0,"fixed":0},"design":{"conf":{"LabelPosition":"above","DescPosition":"above","UploadField":"custom_1","QuantityFieldStyle":"default"},"css":{"LeftLabelWidth":"120px"}},"formulas":[],"clones":false,"cartKey":false}},"_links":{"self":[{"href":"https:\/\/luzzyrestaurant.com\/en\/wp-json\/wp\/v2\/product\/2759","targetHints":{"allow":["GET"]}}],"collection":[{"href":"https:\/\/luzzyrestaurant.com\/en\/wp-json\/wp\/v2\/product"}],"about":[{"href":"https:\/\/luzzyrestaurant.com\/en\/wp-json\/wp\/v2\/types\/product"}],"replies":[{"embeddable":true,"href":"https:\/\/luzzyrestaurant.com\/en\/wp-json\/wp\/v2\/comments?post=2759"}],"wp:attachment":[{"href":"https:\/\/luzzyrestaurant.com\/en\/wp-json\/wp\/v2\/media?parent=2759"}],"wp:term":[{"taxonomy":"product_brand","embeddable":true,"href":"https:\/\/luzzyrestaurant.com\/en\/wp-json\/wp\/v2\/product_brand?post=2759"},{"taxonomy":"product_cat","embeddable":true,"href":"https:\/\/luzzyrestaurant.com\/en\/wp-json\/wp\/v2\/product_cat?post=2759"},{"taxonomy":"product_tag","embeddable":true,"href":"https:\/\/luzzyrestaurant.com\/en\/wp-json\/wp\/v2\/product_tag?post=2759"}],"curies":[{"name":"wp","href":"https:\/\/api.w.org\/{rel}","templated":true}]}}