{"id":2755,"date":"2025-12-01T02:55:48","date_gmt":"2025-11-30T23:55:48","guid":{"rendered":"https:\/\/luzzyrestaurant.com\/?post_type=product&#038;p=2755"},"modified":"2025-12-02T23:54:50","modified_gmt":"2025-12-02T20:54:50","slug":"crispy-chicken-burger-menu","status":"publish","type":"product","link":"https:\/\/luzzyrestaurant.com\/en\/product\/crispy-chicken-burger-menu\/","title":{"rendered":"Crispy Chicken Burger Men\u00fc"},"content":{"rendered":"<p data-start=\"240\" data-end=\"626\">\u00c7\u0131t\u0131r tavuk severlerin favorisi olacak <strong data-start=\"279\" data-end=\"309\">Crispy Chicken Burger Men\u00fc<\/strong>, Luzzy Restaurant\u2019\u0131n \u00f6zel tarifleriyle haz\u0131rlanarak tam k\u0131vam\u0131nda bir lezzet sunuyor. D\u0131\u015f\u0131 ekstra \u00e7\u0131t\u0131r, i\u00e7i yumu\u015fac\u0131k tavukla haz\u0131rlanan <strong data-start=\"448\" data-end=\"473\">crispy chicken burger<\/strong>, alt\u0131n sar\u0131s\u0131 ve \u00e7\u0131t\u0131r dokusuyla sevilen <strong data-start=\"515\" data-end=\"546\">t\u0131rt\u0131kl\u0131 patates k\u0131zartmas\u0131<\/strong> ve ferahlat\u0131c\u0131 <strong data-start=\"562\" data-end=\"581\">330 ml i\u00e7ecekle<\/strong> birlikte doyurucu bir men\u00fc haline geliyor.<\/p>\n<p data-start=\"628\" data-end=\"834\">Hem h\u0131zl\u0131 hem de lezzetli bir burger alternatifi arayanlar i\u00e7in ideal olan bu men\u00fc, taze malzemeler ve \u00f6zenli haz\u0131rl\u0131kla sunuluyor. Crispy Chicken Burger Men\u00fc ile her lokmada \u00e7\u0131t\u0131r lezzetin keyfini \u00e7\u0131kar\u0131n!<\/p>","protected":false},"excerpt":{"rendered":"<div class=\"section-menu\" data-id=\"202\" data-name=\"Crispy Chicken Burger Men\u00fc\" data-price=\"555.00\u20ba\" data-amount=\"555\" data-description=\"Crispy chicken burger, t\u0131rt\u0131kl\u0131 patates k\u0131zartmas\u0131 ve i\u00e7ecek (330 ml) ile\" data-image-url=\"https:\/\/qrmenurestaurant.com\/storage\/menu\/691aa8d9eec3a1763354841.jpg\">\n<div class=\"menu-item list\">\n<div class=\"menu-content\">\n<div class=\"menu-recipe\">Crispy Chicken Burger Men\u00fc: \u00c7\u0131t\u0131r tavuk burger, t\u0131rt\u0131kl\u0131 patates k\u0131zartmas\u0131 ve 330 ml i\u00e7ecekle sunulan doyurucu burger men\u00fcs\u00fc. Luzzy Restaurant\u2019ta \u00e7\u0131t\u0131r tavuk lezzetini ke\u015ffedin!<\/div>\n<\/div>\n<\/div>\n<\/div>\n<div class=\"section-menu\" data-id=\"203\" data-name=\"Double Crispy Chicken Burger Men\u00fc\" data-price=\"699.00\u20ba\" data-amount=\"699\" data-description=\"Double crispy chicken burger, t\u0131rt\u0131kl\u0131 patates k\u0131zartmas\u0131 ve i\u00e7ecek (330 ml) ile\" data-image-url=\"https:\/\/qrmenurestaurant.com\/storage\/menu\/691aa8e726d0c1763354855.jpg\">\n<div class=\"menu-item list\"><\/div>\n<\/div>","protected":false},"featured_media":3036,"comment_status":"open","ping_status":"closed","template":"","meta":{"inline_featured_image":false,"_monsterinsights_skip_tracking":false,"_monsterinsights_sitenote_active":false,"_monsterinsights_sitenote_note":"","_monsterinsights_sitenote_category":0},"product_brand":[72],"product_cat":[32],"product_tag":[392,407,406,408,394,396,393],"class_list":{"0":"post-2755","1":"product","2":"type-product","3":"status-publish","4":"has-post-thumbnail","6":"product_brand-luzzy-restaurant","7":"product_cat-burger-menu","8":"product_tag-burger-menu","9":"product_tag-citir-tavuk-burger","10":"product_tag-crispy-chicken-burger","11":"product_tag-crispy-chicken-menu","12":"product_tag-icecekli-menu","13":"product_tag-luzzy-burger","14":"product_tag-tirtikli-patates","15":"wcpa_has_options","17":"first","18":"instock","19":"taxable","20":"shipping-taxable","21":"purchasable","22":"product-type-simple"},"aioseo_notices":[],"wcpa_form_fields":{"wcpaData":{"product":{"product_price":555,"price_html":"<span class=\"woocommerce-Price-amount amount\"><bdi><span class=\"woocommerce-Price-currencySymbol\">&#8378;<\/span>555,00<\/bdi><\/span>","original_product_price":555,"price_including_tax":555,"price_excluding_tax":504.54545500000000401996658183634281158447265625,"product_id":{"parent":2755,"variation":false},"is_variable":false,"stock_status":"instock","stock_quantity":null,"parent_sku":"","product_attributes":[],"custom_fields":[],"is_taxable":true,"product_name":"Crispy Chicken Burger Men\u00fc"},"fields":{"sec_5692db8a1e947b":{"extra":{"key":"sec_5692db8a1e947b","section_id":"sec_5692db8a1e947b","name":"Default","status":1,"cl_rule":"show","enableCl":false,"relations":[],"toggle":true,"title_tag":"h3","show_title":false,"showPrice":"default","form_id":2872,"form_rules":{"exclude_from_discount":false,"fee_label":"\u00dccret","disp_hide_options_price":false,"disp_show_section_price":false,"disp_show_field_price":true,"layout_option":"standard","pric_use_as_fee":false,"process_fee_as":"woo_fee"},"layout_option":"standard"},"fields":[[{"active":true,"col":6,"relations":false,"cl_rule":"show","enableCl":false,"price":"","enablePrice":false,"className":"","label_position":"default","desc_position":"default","type":"radio-group","required":true,"elementId":"radio_6040891181","label":"\u0130\u00e7ece\u011finizi Se\u00e7in L\u00fctfen","name":"radio_6040891181","values":[{"label":" Coca Cola","value":"Coca Cola","selected":true,"tempId":"aco_704","gt_translate_keys":["label"]},{"label":" Coca Cola Zero Sugar","value":"Coca Cola Zero Sugar","selected":false,"tempId":"aco_705","gt_translate_keys":["label"]},{"label":"Fanta","value":"Fanta","selected":false,"tempId":"aco_706","gt_translate_keys":["label"]},{"label":"Sprite","value":"Sprite","selected":false,"tempId":"aco_779","gt_translate_keys":["label"]},{"label":"Fuse Tea \u015eeftali","value":"Fuse Tea \u015eeftali","selected":false,"tempId":"aco_789","gt_translate_keys":["label"]}],"layOut":"col-3","error":false,"checkUi":"","gt_translate_keys":["label"],"price_dependency":false,"cl_dependency":false,"value":""}]]}},"config":{"price_override":"","enable_recaptcha":false,"bind_quantity":false,"quantity_bind_formula":false,"disp_summ_show_option_price":true,"disp_summ_show_product_price":true,"disp_summ_show_total_price":true,"disp_summ_show_fee":false,"disp_summ_show_discount":false,"summary_title":"","options_total_label":"Se\u00e7enek Fiyat\u0131","total_label":"Toplam","options_product_label":"\u00dcr\u00fcn Fiyat\u0131","fee_label":"\u00dccret","discount_label":"\u0130ndirim","has_price":true,"has_quantity_formula":false},"mc_unit":1,"tax_rate":1,"tax_rate_real":0.1000000000000000055511151231257827021181583404541015625,"discount":{"percentage":0,"fixed":0},"design":{"conf":{"LabelPosition":"above","DescPosition":"above","UploadField":"custom_1","QuantityFieldStyle":"default"},"css":{"LeftLabelWidth":"120px"}},"formulas":[],"clones":false,"cartKey":false}},"_links":{"self":[{"href":"https:\/\/luzzyrestaurant.com\/en\/wp-json\/wp\/v2\/product\/2755","targetHints":{"allow":["GET"]}}],"collection":[{"href":"https:\/\/luzzyrestaurant.com\/en\/wp-json\/wp\/v2\/product"}],"about":[{"href":"https:\/\/luzzyrestaurant.com\/en\/wp-json\/wp\/v2\/types\/product"}],"replies":[{"embeddable":true,"href":"https:\/\/luzzyrestaurant.com\/en\/wp-json\/wp\/v2\/comments?post=2755"}],"wp:featuredmedia":[{"embeddable":true,"href":"https:\/\/luzzyrestaurant.com\/en\/wp-json\/wp\/v2\/media\/3036"}],"wp:attachment":[{"href":"https:\/\/luzzyrestaurant.com\/en\/wp-json\/wp\/v2\/media?parent=2755"}],"wp:term":[{"taxonomy":"product_brand","embeddable":true,"href":"https:\/\/luzzyrestaurant.com\/en\/wp-json\/wp\/v2\/product_brand?post=2755"},{"taxonomy":"product_cat","embeddable":true,"href":"https:\/\/luzzyrestaurant.com\/en\/wp-json\/wp\/v2\/product_cat?post=2755"},{"taxonomy":"product_tag","embeddable":true,"href":"https:\/\/luzzyrestaurant.com\/en\/wp-json\/wp\/v2\/product_tag?post=2755"}],"curies":[{"name":"wp","href":"https:\/\/api.w.org\/{rel}","templated":true}]}}