{"id":2753,"date":"2025-12-01T02:57:12","date_gmt":"2025-11-30T23:57:12","guid":{"rendered":"https:\/\/luzzyrestaurant.com\/?post_type=product&#038;p=2753"},"modified":"2025-12-02T23:54:27","modified_gmt":"2025-12-02T20:54:27","slug":"mushroom-burger-menu","status":"publish","type":"product","link":"https:\/\/luzzyrestaurant.com\/en\/product\/mushroom-burger-menu\/","title":{"rendered":"Mushroom Burger Men\u00fc"},"content":{"rendered":"<p data-start=\"227\" data-end=\"626\">Mantarl\u0131 burgerin benzersiz aromas\u0131n\u0131 sevenler i\u00e7in haz\u0131rlanan <strong data-start=\"290\" data-end=\"314\">Mushroom Burger Men\u00fc<\/strong>, Luzzy Restaurant\u2019\u0131n \u00f6zel tarifleriyle sizi enfes bir lezzet yolculu\u011funa \u00e7\u0131kar\u0131yor. Taptaze mantarlarla zenginle\u015ftirilmi\u015f <strong data-start=\"437\" data-end=\"456\">mushroom burger<\/strong>, \u00e7\u0131t\u0131r dokusuyla i\u015ftah a\u00e7an <strong data-start=\"485\" data-end=\"516\">t\u0131rt\u0131kl\u0131 patates k\u0131zartmas\u0131<\/strong> ve ferahlat\u0131c\u0131 <strong data-start=\"532\" data-end=\"549\">330 ml i\u00e7ecek<\/strong> ile tamamlanan bu men\u00fc, hem doyurucu hem de lezzet dolu bir se\u00e7im sunuyor.<\/p>\n<p data-start=\"628\" data-end=\"849\">Yo\u011fun mantar aromas\u0131, kaliteli hamburger eti ve \u00f6zenle haz\u0131rlanan burger ekme\u011fiyle birle\u015ferek unutulmaz bir tat ortaya \u00e7\u0131kar\u0131yor. Yumu\u015fak, sulu ve zengin i\u00e7erikli bir burger ar\u0131yorsan\u0131z Mushroom Burger Men\u00fc tam size g\u00f6re!<\/p>","protected":false},"excerpt":{"rendered":"<div class=\"section-menu\" data-id=\"200\" data-name=\"Mushroom Burger Men\u00fc\" data-price=\"665.00\u20ba\" data-amount=\"665\" data-description=\"Mushroom burger, t\u0131rt\u0131kl\u0131 patates k\u0131zartmas\u0131 ve i\u00e7ecek (330 ml) ile\" data-image-url=\"https:\/\/qrmenurestaurant.com\/storage\/menu\/691aa8bccb4e21763354812.jpg\">\n<div class=\"menu-item list\">\n<div class=\"menu-content\">\n<div class=\"menu-recipe\">Mushroom Burger Men\u00fc: Mantarl\u0131 burger, t\u0131rt\u0131kl\u0131 patates k\u0131zartmas\u0131 ve 330 ml i\u00e7ecek ile sunulan enfes ve doyurucu burger men\u00fcs\u00fc. Luzzy Restaurant\u2019ta lezzetli mushroom burger keyfini ke\u015ffedin!<\/div>\n<\/div>\n<\/div>\n<\/div>\n<div class=\"section-menu\" data-id=\"201\" data-name=\"Double Cheeseburger Men\u00fc\" data-price=\"799.00\u20ba\" data-amount=\"799\" data-description=\"Double cheeseburger, t\u0131rt\u0131kl\u0131 patates k\u0131zartmas\u0131 ve i\u00e7ecek (330 ml) ile\" data-image-url=\"https:\/\/qrmenurestaurant.com\/storage\/menu\/691aa8cc491ba1763354828.jpg\">\n<div class=\"menu-item list\"><\/div>\n<\/div>","protected":false},"featured_media":3034,"comment_status":"open","ping_status":"closed","template":"","meta":{"inline_featured_image":false,"_monsterinsights_skip_tracking":false,"_monsterinsights_sitenote_active":false,"_monsterinsights_sitenote_note":"","_monsterinsights_sitenote_category":0},"product_brand":[72],"product_cat":[32],"product_tag":[392,394,396,404,403,405,393],"class_list":{"0":"post-2753","1":"product","2":"type-product","3":"status-publish","4":"has-post-thumbnail","6":"product_brand-luzzy-restaurant","7":"product_cat-burger-menu","8":"product_tag-burger-menu","9":"product_tag-icecekli-menu","10":"product_tag-luzzy-burger","11":"product_tag-mantarli-burger","12":"product_tag-mushroom-burger","13":"product_tag-mushroom-burger-menu","14":"product_tag-tirtikli-patates","15":"wcpa_has_options","17":"first","18":"instock","19":"taxable","20":"shipping-taxable","21":"purchasable","22":"product-type-simple"},"aioseo_notices":[],"wcpa_form_fields":{"wcpaData":{"product":{"product_price":665,"price_html":"<span class=\"woocommerce-Price-amount amount\"><bdi><span class=\"woocommerce-Price-currencySymbol\">&#8378;<\/span>665,00<\/bdi><\/span>","original_product_price":665,"price_including_tax":665,"price_excluding_tax":604.54545499999994717654772102832794189453125,"product_id":{"parent":2753,"variation":false},"is_variable":false,"stock_status":"instock","stock_quantity":null,"parent_sku":"","product_attributes":[],"custom_fields":[],"is_taxable":true,"product_name":"Mushroom Burger Men\u00fc"},"fields":{"sec_5692db8a1e947b":{"extra":{"key":"sec_5692db8a1e947b","section_id":"sec_5692db8a1e947b","name":"Default","status":1,"cl_rule":"show","enableCl":false,"relations":[],"toggle":true,"title_tag":"h3","show_title":false,"showPrice":"default","form_id":2872,"form_rules":{"exclude_from_discount":false,"fee_label":"\u00dccret","disp_hide_options_price":false,"disp_show_section_price":false,"disp_show_field_price":true,"layout_option":"standard","pric_use_as_fee":false,"process_fee_as":"woo_fee"},"layout_option":"standard"},"fields":[[{"active":true,"col":6,"relations":false,"cl_rule":"show","enableCl":false,"price":"","enablePrice":false,"className":"","label_position":"default","desc_position":"default","type":"radio-group","required":true,"elementId":"radio_6040891181","label":"\u0130\u00e7ece\u011finizi Se\u00e7in L\u00fctfen","name":"radio_6040891181","values":[{"label":" Coca Cola","value":"Coca Cola","selected":true,"tempId":"aco_704","gt_translate_keys":["label"]},{"label":" Coca Cola Zero Sugar","value":"Coca Cola Zero Sugar","selected":false,"tempId":"aco_705","gt_translate_keys":["label"]},{"label":"Fanta","value":"Fanta","selected":false,"tempId":"aco_706","gt_translate_keys":["label"]},{"label":"Sprite","value":"Sprite","selected":false,"tempId":"aco_779","gt_translate_keys":["label"]},{"label":"Fuse Tea \u015eeftali","value":"Fuse Tea \u015eeftali","selected":false,"tempId":"aco_789","gt_translate_keys":["label"]}],"layOut":"col-3","error":false,"checkUi":"","gt_translate_keys":["label"],"price_dependency":false,"cl_dependency":false,"value":""}]]}},"config":{"price_override":"","enable_recaptcha":false,"bind_quantity":false,"quantity_bind_formula":false,"disp_summ_show_option_price":true,"disp_summ_show_product_price":true,"disp_summ_show_total_price":true,"disp_summ_show_fee":false,"disp_summ_show_discount":false,"summary_title":"","options_total_label":"Se\u00e7enek Fiyat\u0131","total_label":"Toplam","options_product_label":"\u00dcr\u00fcn Fiyat\u0131","fee_label":"\u00dccret","discount_label":"\u0130ndirim","has_price":true,"has_quantity_formula":false},"mc_unit":1,"tax_rate":1,"tax_rate_real":0.1000000000000000055511151231257827021181583404541015625,"discount":{"percentage":0,"fixed":0},"design":{"conf":{"LabelPosition":"above","DescPosition":"above","UploadField":"custom_1","QuantityFieldStyle":"default"},"css":{"LeftLabelWidth":"120px"}},"formulas":[],"clones":false,"cartKey":false}},"_links":{"self":[{"href":"https:\/\/luzzyrestaurant.com\/en\/wp-json\/wp\/v2\/product\/2753","targetHints":{"allow":["GET"]}}],"collection":[{"href":"https:\/\/luzzyrestaurant.com\/en\/wp-json\/wp\/v2\/product"}],"about":[{"href":"https:\/\/luzzyrestaurant.com\/en\/wp-json\/wp\/v2\/types\/product"}],"replies":[{"embeddable":true,"href":"https:\/\/luzzyrestaurant.com\/en\/wp-json\/wp\/v2\/comments?post=2753"}],"wp:featuredmedia":[{"embeddable":true,"href":"https:\/\/luzzyrestaurant.com\/en\/wp-json\/wp\/v2\/media\/3034"}],"wp:attachment":[{"href":"https:\/\/luzzyrestaurant.com\/en\/wp-json\/wp\/v2\/media?parent=2753"}],"wp:term":[{"taxonomy":"product_brand","embeddable":true,"href":"https:\/\/luzzyrestaurant.com\/en\/wp-json\/wp\/v2\/product_brand?post=2753"},{"taxonomy":"product_cat","embeddable":true,"href":"https:\/\/luzzyrestaurant.com\/en\/wp-json\/wp\/v2\/product_cat?post=2753"},{"taxonomy":"product_tag","embeddable":true,"href":"https:\/\/luzzyrestaurant.com\/en\/wp-json\/wp\/v2\/product_tag?post=2753"}],"curies":[{"name":"wp","href":"https:\/\/api.w.org\/{rel}","templated":true}]}}