{"id":2750,"date":"2025-12-01T02:44:51","date_gmt":"2025-11-30T23:44:51","guid":{"rendered":"https:\/\/luzzyrestaurant.com\/?post_type=product&#038;p=2750"},"modified":"2026-01-27T00:09:27","modified_gmt":"2026-01-26T21:09:27","slug":"cheeseburger","status":"publish","type":"product","link":"https:\/\/luzzyrestaurant.com\/en\/product\/cheeseburger\/","title":{"rendered":"Cheeseburger"},"content":{"rendered":"<p data-start=\"267\" data-end=\"642\">Klasik burger deneyimini Luzzy lezzetiyle bulu\u015fturan <strong data-start=\"320\" data-end=\"336\">Cheeseburger<\/strong>, hem dengeli hem de doyurucu bir tat arayanlar i\u00e7in ideal bir se\u00e7im! \u00d6zenle pi\u015firilmi\u015f <strong data-start=\"424\" data-end=\"448\">130 g burger k\u00f6ftesi<\/strong>, \u00fczerine eriyen <strong data-start=\"465\" data-end=\"484\">cheddar peyniri<\/strong>, taze <strong data-start=\"491\" data-end=\"500\">marul<\/strong>, lezzeti canland\u0131ran <strong data-start=\"522\" data-end=\"531\">tur\u015fu<\/strong>, hafif tatl\u0131 aromas\u0131yla \u00f6ne \u00e7\u0131kan <strong data-start=\"566\" data-end=\"586\">karamelize so\u011fan<\/strong> ve \u00f6zel <strong data-start=\"595\" data-end=\"609\">burger sos<\/strong> ile m\u00fckemmel bir uyum yakalar.<\/p>\n<p data-start=\"644\" data-end=\"880\">Her lokmada klasik cheeseburger lezzetini \u00fcst seviyede hissedece\u011finiz bu burger, sade ama g\u00fc\u00e7l\u00fc bir aroma isteyenlerin favorisi olacak. Kaliteli malzemelerle haz\u0131rlanm\u0131\u015f Cheeseburger, Luzzy\u2019nin \u00f6zenli dokunu\u015fuyla benzersiz hale geliyor.<\/p>","protected":false},"excerpt":{"rendered":"<p>Burger k\u00f6ftesi (130 g), cheddar peyniri, tur\u015fu, marul, karamelize so\u011fan ve burger sos<\/p>","protected":false},"featured_media":3050,"comment_status":"open","ping_status":"closed","template":"","meta":{"inline_featured_image":false,"_monsterinsights_skip_tracking":false,"_monsterinsights_sitenote_active":false,"_monsterinsights_sitenote_note":"","_monsterinsights_sitenote_category":0},"product_brand":[72],"product_cat":[15],"product_tag":[422,391,427,432,396,430,431],"class_list":{"0":"post-2750","1":"product","2":"type-product","3":"status-publish","4":"has-post-thumbnail","6":"product_brand-luzzy-restaurant","7":"product_cat-burger","8":"product_tag-cheddar-burger","9":"product_tag-cheeseburger","10":"product_tag-karamelize-sogan","11":"product_tag-klasik-burger","12":"product_tag-luzzy-burger","13":"product_tag-marullu-burger","14":"product_tag-tursulu-burger","16":"first","17":"instock","18":"sale","19":"taxable","20":"shipping-taxable","21":"purchasable","22":"product-type-simple"},"aioseo_notices":[],"wcpa_form_fields":null,"_links":{"self":[{"href":"https:\/\/luzzyrestaurant.com\/en\/wp-json\/wp\/v2\/product\/2750","targetHints":{"allow":["GET"]}}],"collection":[{"href":"https:\/\/luzzyrestaurant.com\/en\/wp-json\/wp\/v2\/product"}],"about":[{"href":"https:\/\/luzzyrestaurant.com\/en\/wp-json\/wp\/v2\/types\/product"}],"replies":[{"embeddable":true,"href":"https:\/\/luzzyrestaurant.com\/en\/wp-json\/wp\/v2\/comments?post=2750"}],"wp:featuredmedia":[{"embeddable":true,"href":"https:\/\/luzzyrestaurant.com\/en\/wp-json\/wp\/v2\/media\/3050"}],"wp:attachment":[{"href":"https:\/\/luzzyrestaurant.com\/en\/wp-json\/wp\/v2\/media?parent=2750"}],"wp:term":[{"taxonomy":"product_brand","embeddable":true,"href":"https:\/\/luzzyrestaurant.com\/en\/wp-json\/wp\/v2\/product_brand?post=2750"},{"taxonomy":"product_cat","embeddable":true,"href":"https:\/\/luzzyrestaurant.com\/en\/wp-json\/wp\/v2\/product_cat?post=2750"},{"taxonomy":"product_tag","embeddable":true,"href":"https:\/\/luzzyrestaurant.com\/en\/wp-json\/wp\/v2\/product_tag?post=2750"}],"curies":[{"name":"wp","href":"https:\/\/api.w.org\/{rel}","templated":true}]}}