{"id":2749,"date":"2025-12-01T02:45:58","date_gmt":"2025-11-30T23:45:58","guid":{"rendered":"https:\/\/luzzyrestaurant.com\/?post_type=product&#038;p=2749"},"modified":"2026-01-27T00:08:03","modified_gmt":"2026-01-26T21:08:03","slug":"kaburga-burger","status":"publish","type":"product","link":"https:\/\/luzzyrestaurant.com\/en\/product\/kaburga-burger\/","title":{"rendered":"Kaburga Burger"},"content":{"rendered":"<p data-start=\"287\" data-end=\"591\"><strong data-start=\"287\" data-end=\"305\">Kaburga Burger<\/strong>, ger\u00e7ek et lezzetini sevenler i\u00e7in \u00f6zel olarak haz\u0131rland\u0131! Luzzy\u2019nin \u00f6zel sosuyla harmanlanan <strong data-start=\"400\" data-end=\"434\">130 g tiftiklenmi\u015f kaburga eti<\/strong>, \u00fczerinde eriyen <strong data-start=\"452\" data-end=\"471\">cheddar peyniri<\/strong>, taze haz\u0131rlanm\u0131\u015f <strong data-start=\"490\" data-end=\"509\">coleslaw salata<\/strong> ve nefis <strong data-start=\"519\" data-end=\"539\">karamelize so\u011fan<\/strong> ile birle\u015ferek e\u015fsiz bir burger deneyimi sunuyor.<\/p>\n<p data-start=\"593\" data-end=\"772\">Her lokmada etin yumu\u015fak dokusunu, \u00f6zel sosun aromatik lezzetini ve taptaze malzemelerin uyumunu hissedece\u011finiz <strong data-start=\"705\" data-end=\"723\">Kaburga Burger<\/strong>, burger tutkunlar\u0131 i\u00e7in vazge\u00e7ilmez bir se\u00e7enek!<\/p>\n<p data-start=\"774\" data-end=\"841\">Hem doyurucu hem de gurme bir lezzet arayanlar i\u00e7in m\u00fckemmel se\u00e7im!<\/p>","protected":false},"excerpt":{"rendered":"<p>Luzzy \u00f6zel soslu tiftiklenmi\u015f kaburga eti (130 g), cheddar peyniri, coleslaw salata ve karamelize so\u011fan<\/p>","protected":false},"featured_media":3040,"comment_status":"open","ping_status":"closed","template":"","meta":{"inline_featured_image":false,"_monsterinsights_skip_tracking":false,"_monsterinsights_sitenote_active":false,"_monsterinsights_sitenote_note":"","_monsterinsights_sitenote_category":0},"product_brand":[72],"product_cat":[15],"product_tag":[422,424,420,419,423,396,421],"class_list":{"0":"post-2749","1":"product","2":"type-product","3":"status-publish","4":"has-post-thumbnail","6":"product_brand-luzzy-restaurant","7":"product_cat-burger","8":"product_tag-cheddar-burger","9":"product_tag-coleslaw-burger","10":"product_tag-gurme-burger","11":"product_tag-kaburga-burger","12":"product_tag-karamelize-soganli-burger","13":"product_tag-luzzy-burger","14":"product_tag-tiftiklenmis-kaburga","16":"first","17":"instock","18":"sale","19":"taxable","20":"shipping-taxable","21":"purchasable","22":"product-type-simple"},"aioseo_notices":[],"wcpa_form_fields":null,"_links":{"self":[{"href":"https:\/\/luzzyrestaurant.com\/en\/wp-json\/wp\/v2\/product\/2749","targetHints":{"allow":["GET"]}}],"collection":[{"href":"https:\/\/luzzyrestaurant.com\/en\/wp-json\/wp\/v2\/product"}],"about":[{"href":"https:\/\/luzzyrestaurant.com\/en\/wp-json\/wp\/v2\/types\/product"}],"replies":[{"embeddable":true,"href":"https:\/\/luzzyrestaurant.com\/en\/wp-json\/wp\/v2\/comments?post=2749"}],"wp:featuredmedia":[{"embeddable":true,"href":"https:\/\/luzzyrestaurant.com\/en\/wp-json\/wp\/v2\/media\/3040"}],"wp:attachment":[{"href":"https:\/\/luzzyrestaurant.com\/en\/wp-json\/wp\/v2\/media?parent=2749"}],"wp:term":[{"taxonomy":"product_brand","embeddable":true,"href":"https:\/\/luzzyrestaurant.com\/en\/wp-json\/wp\/v2\/product_brand?post=2749"},{"taxonomy":"product_cat","embeddable":true,"href":"https:\/\/luzzyrestaurant.com\/en\/wp-json\/wp\/v2\/product_cat?post=2749"},{"taxonomy":"product_tag","embeddable":true,"href":"https:\/\/luzzyrestaurant.com\/en\/wp-json\/wp\/v2\/product_tag?post=2749"}],"curies":[{"name":"wp","href":"https:\/\/api.w.org\/{rel}","templated":true}]}}