{"id":2748,"date":"2025-12-01T02:45:41","date_gmt":"2025-11-30T23:45:41","guid":{"rendered":"https:\/\/luzzyrestaurant.com\/?post_type=product&#038;p=2748"},"modified":"2026-01-27T00:08:17","modified_gmt":"2026-01-26T21:08:17","slug":"barbeku-burger","status":"publish","type":"product","link":"https:\/\/luzzyrestaurant.com\/en\/product\/barbeku-burger\/","title":{"rendered":"Barbek\u00fc Burger"},"content":{"rendered":"<p data-start=\"281\" data-end=\"653\">Dumanl\u0131 aromalar\u0131n yo\u011fun lezzetle bulu\u015ftu\u011fu <strong data-start=\"325\" data-end=\"343\">Barbek\u00fc Burger<\/strong>, ger\u00e7ek burger tutkunlar\u0131 i\u00e7in haz\u0131rland\u0131! \u00d6zenle pi\u015firilmi\u015f <strong data-start=\"405\" data-end=\"429\">130 g burger k\u00f6ftesi<\/strong>, \u00fczerine eriyen <strong data-start=\"446\" data-end=\"465\">cheddar peyniri<\/strong>, tatl\u0131-ek\u015fi dengesi m\u00fckemmel <strong data-start=\"495\" data-end=\"510\">barbek\u00fc sos<\/strong>, lezzeti katlayan <strong data-start=\"529\" data-end=\"540\">f\u00fcme et<\/strong> ve \u00e7\u0131t\u0131r dokusuyla \u00f6ne \u00e7\u0131kan <strong data-start=\"570\" data-end=\"594\">2 adet so\u011fan halkas\u0131<\/strong> bir araya gelerek benzersiz bir burger deneyimi sunuyor.<\/p>\n<p data-start=\"655\" data-end=\"829\">Her lokmada barbek\u00fc aromas\u0131n\u0131 hissedece\u011finiz bu \u00f6zel burger, g\u00fc\u00e7l\u00fc ve doyurucu bir lezzet arayanlar\u0131n favorisi olacak. \u015eehrin en iyi barbek\u00fc yorumunu Luzzy fark\u0131yla ke\u015ffedin!<\/p>","protected":false},"excerpt":{"rendered":"<p>Burger k\u00f6ftesi (130 g), cheddar peyniri, barbek\u00fc sos, f\u00fcme et ve 2 adet so\u011fan halkas\u0131<\/p>","protected":false},"featured_media":3042,"comment_status":"open","ping_status":"closed","template":"","meta":{"inline_featured_image":false,"_monsterinsights_skip_tracking":false,"_monsterinsights_sitenote_active":false,"_monsterinsights_sitenote_note":"","_monsterinsights_sitenote_category":0},"product_brand":[72],"product_cat":[15],"product_tag":[398,118,422,425,420,396,426],"class_list":{"0":"post-2748","1":"product","2":"type-product","3":"status-publish","4":"has-post-thumbnail","6":"product_brand-luzzy-restaurant","7":"product_cat-burger","8":"product_tag-barbeku-burger","9":"product_tag-barbeku-sos","10":"product_tag-cheddar-burger","11":"product_tag-fume-et","12":"product_tag-gurme-burger","13":"product_tag-luzzy-burger","14":"product_tag-sogan-halkali-burger","16":"first","17":"instock","18":"sale","19":"featured","20":"taxable","21":"shipping-taxable","22":"purchasable","23":"product-type-simple"},"aioseo_notices":[],"wcpa_form_fields":null,"_links":{"self":[{"href":"https:\/\/luzzyrestaurant.com\/en\/wp-json\/wp\/v2\/product\/2748","targetHints":{"allow":["GET"]}}],"collection":[{"href":"https:\/\/luzzyrestaurant.com\/en\/wp-json\/wp\/v2\/product"}],"about":[{"href":"https:\/\/luzzyrestaurant.com\/en\/wp-json\/wp\/v2\/types\/product"}],"replies":[{"embeddable":true,"href":"https:\/\/luzzyrestaurant.com\/en\/wp-json\/wp\/v2\/comments?post=2748"}],"wp:featuredmedia":[{"embeddable":true,"href":"https:\/\/luzzyrestaurant.com\/en\/wp-json\/wp\/v2\/media\/3042"}],"wp:attachment":[{"href":"https:\/\/luzzyrestaurant.com\/en\/wp-json\/wp\/v2\/media?parent=2748"}],"wp:term":[{"taxonomy":"product_brand","embeddable":true,"href":"https:\/\/luzzyrestaurant.com\/en\/wp-json\/wp\/v2\/product_brand?post=2748"},{"taxonomy":"product_cat","embeddable":true,"href":"https:\/\/luzzyrestaurant.com\/en\/wp-json\/wp\/v2\/product_cat?post=2748"},{"taxonomy":"product_tag","embeddable":true,"href":"https:\/\/luzzyrestaurant.com\/en\/wp-json\/wp\/v2\/product_tag?post=2748"}],"curies":[{"name":"wp","href":"https:\/\/api.w.org\/{rel}","templated":true}]}}