{"id":2747,"date":"2025-12-01T02:45:33","date_gmt":"2025-11-30T23:45:33","guid":{"rendered":"https:\/\/luzzyrestaurant.com\/?post_type=product&#038;p=2747"},"modified":"2026-01-27T00:08:33","modified_gmt":"2026-01-26T21:08:33","slug":"mushroom-burger","status":"publish","type":"product","link":"https:\/\/luzzyrestaurant.com\/en\/product\/mushroom-burger\/","title":{"rendered":"Mushroom Burger"},"content":{"rendered":"<p data-start=\"290\" data-end=\"659\">Zengin aromalar\u0131n doyurucu burger deneyimiyle birle\u015fti\u011fi <strong data-start=\"347\" data-end=\"366\">Mushroom Burger<\/strong>, gurme lezzet arayanlara \u00f6zel olarak haz\u0131rland\u0131. \u00d6zenle pi\u015firilmi\u015f <strong data-start=\"434\" data-end=\"458\">130 g burger k\u00f6ftesi<\/strong>, \u00fczerinde eriyen <strong data-start=\"476\" data-end=\"495\">cheddar peyniri<\/strong>, karamelize so\u011fan\u0131n hafif tatl\u0131 dokusu, taze <strong data-start=\"541\" data-end=\"551\">mantar<\/strong> lezzeti ve burgeri farkl\u0131 bir seviyeye ta\u015f\u0131yan <strong data-start=\"599\" data-end=\"617\">tr\u00fcfl\u00fc mayonez<\/strong> ile a\u011f\u0131z suland\u0131ran bir uyum yakal\u0131yor.<\/p>\n<p data-start=\"661\" data-end=\"845\">Hem klasik burgerlerden farkl\u0131 bir aroma arayanlar hem de mantar ve tr\u00fcf sevenler i\u00e7in m\u00fckemmel bir se\u00e7im! Luzzy kalitesiyle haz\u0131rlanan bu \u00f6zel burger, ger\u00e7ek bir gurme deneyimi sunar.<\/p>","protected":false},"excerpt":{"rendered":"<p>Burger k\u00f6ftesi (130 g), cheddar peyniri, karamelize so\u011fan, mantar ve tr\u00fcfl\u00fc mayonez<\/p>","protected":false},"featured_media":3044,"comment_status":"open","ping_status":"closed","template":"","meta":{"inline_featured_image":false,"_monsterinsights_skip_tracking":false,"_monsterinsights_sitenote_active":false,"_monsterinsights_sitenote_note":"","_monsterinsights_sitenote_category":0},"product_brand":[72],"product_cat":[15],"product_tag":[422,420,423,396,404,403,91],"class_list":{"0":"post-2747","1":"product","2":"type-product","3":"status-publish","4":"has-post-thumbnail","6":"product_brand-luzzy-restaurant","7":"product_cat-burger","8":"product_tag-cheddar-burger","9":"product_tag-gurme-burger","10":"product_tag-karamelize-soganli-burger","11":"product_tag-luzzy-burger","12":"product_tag-mantarli-burger","13":"product_tag-mushroom-burger","14":"product_tag-truflu-mayonez","16":"first","17":"instock","18":"sale","19":"taxable","20":"shipping-taxable","21":"purchasable","22":"product-type-simple"},"aioseo_notices":[],"wcpa_form_fields":null,"_links":{"self":[{"href":"https:\/\/luzzyrestaurant.com\/en\/wp-json\/wp\/v2\/product\/2747","targetHints":{"allow":["GET"]}}],"collection":[{"href":"https:\/\/luzzyrestaurant.com\/en\/wp-json\/wp\/v2\/product"}],"about":[{"href":"https:\/\/luzzyrestaurant.com\/en\/wp-json\/wp\/v2\/types\/product"}],"replies":[{"embeddable":true,"href":"https:\/\/luzzyrestaurant.com\/en\/wp-json\/wp\/v2\/comments?post=2747"}],"wp:featuredmedia":[{"embeddable":true,"href":"https:\/\/luzzyrestaurant.com\/en\/wp-json\/wp\/v2\/media\/3044"}],"wp:attachment":[{"href":"https:\/\/luzzyrestaurant.com\/en\/wp-json\/wp\/v2\/media?parent=2747"}],"wp:term":[{"taxonomy":"product_brand","embeddable":true,"href":"https:\/\/luzzyrestaurant.com\/en\/wp-json\/wp\/v2\/product_brand?post=2747"},{"taxonomy":"product_cat","embeddable":true,"href":"https:\/\/luzzyrestaurant.com\/en\/wp-json\/wp\/v2\/product_cat?post=2747"},{"taxonomy":"product_tag","embeddable":true,"href":"https:\/\/luzzyrestaurant.com\/en\/wp-json\/wp\/v2\/product_tag?post=2747"}],"curies":[{"name":"wp","href":"https:\/\/api.w.org\/{rel}","templated":true}]}}