{"id":2746,"date":"2025-12-01T02:45:25","date_gmt":"2025-11-30T23:45:25","guid":{"rendered":"https:\/\/luzzyrestaurant.com\/?post_type=product&#038;p=2746"},"modified":"2026-01-27T00:08:48","modified_gmt":"2026-01-26T21:08:48","slug":"double-cheeseburger","status":"publish","type":"product","link":"https:\/\/luzzyrestaurant.com\/en\/product\/double-cheeseburger\/","title":{"rendered":"Double Cheeseburger"},"content":{"rendered":"<p data-start=\"283\" data-end=\"640\">Ger\u00e7ek cheeseburger tutkunlar\u0131 i\u00e7in haz\u0131rlanan <strong data-start=\"330\" data-end=\"353\">Double Cheeseburger<\/strong>, iki kat lezzet sunan g\u00fc\u00e7l\u00fc bir tercih! \u00d6zenle haz\u0131rlanm\u0131\u015f <strong data-start=\"413\" data-end=\"437\">200 g burger k\u00f6ftesi<\/strong>, \u00fczerinde eriyen yo\u011fun aromal\u0131 <strong data-start=\"469\" data-end=\"488\">cheddar peyniri<\/strong>, hafif tatl\u0131 dokusuyla \u00f6ne \u00e7\u0131kan <strong data-start=\"522\" data-end=\"542\">karamelize so\u011fan<\/strong> ve lezzeti tamamlayan \u00f6zel <strong data-start=\"570\" data-end=\"584\">burger sos<\/strong> ile birle\u015ferek enfes bir burger deneyimi olu\u015fturuyor.<\/p>\n<p data-start=\"642\" data-end=\"842\">Doyurucu, aromatik ve tamamen tatmin edici bir burger ar\u0131yorsan\u0131z Double Cheeseburger tam sizin i\u00e7in! Luzzy&#8217;nin \u00f6zel tarifleriyle haz\u0131rlanan bu burger, her lokmada ger\u00e7ek burger lezzetini hissettirir.<\/p>","protected":false},"excerpt":{"rendered":"<p>Burger k\u00f6ftesi (200 g), cheddar peyniri, karamelize so\u011fan ve burger sos<\/p>","protected":false},"featured_media":3045,"comment_status":"open","ping_status":"closed","template":"","meta":{"inline_featured_image":false,"_monsterinsights_skip_tracking":false,"_monsterinsights_sitenote_active":false,"_monsterinsights_sitenote_note":"","_monsterinsights_sitenote_category":0},"product_brand":[72],"product_cat":[15],"product_tag":[428,417,422,400,420,427,396],"class_list":{"0":"post-2746","1":"product","2":"type-product","3":"status-publish","4":"has-post-thumbnail","6":"product_brand-luzzy-restaurant","7":"product_cat-burger","8":"product_tag-burger-sos","9":"product_tag-buyuk-burger","10":"product_tag-cheddar-burger","11":"product_tag-double-cheeseburger","12":"product_tag-gurme-burger","13":"product_tag-karamelize-sogan","14":"product_tag-luzzy-burger","16":"first","17":"instock","18":"sale","19":"featured","20":"taxable","21":"shipping-taxable","22":"purchasable","23":"product-type-simple"},"aioseo_notices":[],"wcpa_form_fields":null,"_links":{"self":[{"href":"https:\/\/luzzyrestaurant.com\/en\/wp-json\/wp\/v2\/product\/2746","targetHints":{"allow":["GET"]}}],"collection":[{"href":"https:\/\/luzzyrestaurant.com\/en\/wp-json\/wp\/v2\/product"}],"about":[{"href":"https:\/\/luzzyrestaurant.com\/en\/wp-json\/wp\/v2\/types\/product"}],"replies":[{"embeddable":true,"href":"https:\/\/luzzyrestaurant.com\/en\/wp-json\/wp\/v2\/comments?post=2746"}],"wp:featuredmedia":[{"embeddable":true,"href":"https:\/\/luzzyrestaurant.com\/en\/wp-json\/wp\/v2\/media\/3045"}],"wp:attachment":[{"href":"https:\/\/luzzyrestaurant.com\/en\/wp-json\/wp\/v2\/media?parent=2746"}],"wp:term":[{"taxonomy":"product_brand","embeddable":true,"href":"https:\/\/luzzyrestaurant.com\/en\/wp-json\/wp\/v2\/product_brand?post=2746"},{"taxonomy":"product_cat","embeddable":true,"href":"https:\/\/luzzyrestaurant.com\/en\/wp-json\/wp\/v2\/product_cat?post=2746"},{"taxonomy":"product_tag","embeddable":true,"href":"https:\/\/luzzyrestaurant.com\/en\/wp-json\/wp\/v2\/product_tag?post=2746"}],"curies":[{"name":"wp","href":"https:\/\/api.w.org\/{rel}","templated":true}]}}