{"id":2745,"date":"2025-12-01T02:45:12","date_gmt":"2025-11-30T23:45:12","guid":{"rendered":"https:\/\/luzzyrestaurant.com\/?post_type=product&#038;p=2745"},"modified":"2026-01-27T00:09:11","modified_gmt":"2026-01-26T21:09:11","slug":"double-crispy-chicken-burger","status":"publish","type":"product","link":"https:\/\/luzzyrestaurant.com\/en\/product\/double-crispy-chicken-burger\/","title":{"rendered":"Double Crispy Chicken Burger"},"content":{"rendered":"<p data-start=\"296\" data-end=\"697\">\u00c7\u0131t\u0131r tavuk sevenler i\u00e7in tasarlanan <strong data-start=\"333\" data-end=\"365\">Double Crispy Chicken Burger<\/strong>, iki kat lezzet ve iki kat doyuruculuk sunuyor! \u00d6zel baharatlarla harmanlanarak m\u00fckemmel k\u0131vamda k\u0131zart\u0131lan <strong data-start=\"474\" data-end=\"496\">240 g tavuk fileto<\/strong>, \u00fczerinde eriyen <strong data-start=\"514\" data-end=\"533\">cheddar peyniri<\/strong>, taptaze <strong data-start=\"543\" data-end=\"552\">marul<\/strong>, lezzeti canland\u0131ran <strong data-start=\"574\" data-end=\"583\">tur\u015fu<\/strong> ve hafif tatl\u0131, hafif ac\u0131 aromas\u0131yla \u00f6ne \u00e7\u0131kan <strong data-start=\"631\" data-end=\"651\">ball\u0131 hardal sos<\/strong> ile birle\u015ferek muhte\u015fem bir uyum olu\u015fturur.<\/p>\n<p data-start=\"699\" data-end=\"908\">Her lokmada \u00e7\u0131t\u0131rl\u0131\u011f\u0131n tad\u0131n\u0131 hissedece\u011finiz bu burger, g\u00fc\u00e7l\u00fc bir lezzet deneyimi arayanlar i\u00e7in ideal bir se\u00e7imdir. Double Crispy Chicken Burger, Luzzy\u2019nin uzman dokunu\u015fuyla \u00e7\u0131t\u0131r tavuk keyfini zirveye ta\u015f\u0131r.<\/p>","protected":false},"excerpt":{"rendered":"<p>Tavuk fileto (240 g), cheddar peyniri, tur\u015fu, marul ve ball\u0131 hardal<\/p>","protected":false},"featured_media":3048,"comment_status":"open","ping_status":"closed","template":"","meta":{"inline_featured_image":false,"_monsterinsights_skip_tracking":false,"_monsterinsights_sitenote_active":false,"_monsterinsights_sitenote_note":"","_monsterinsights_sitenote_category":0},"product_brand":[72],"product_cat":[15],"product_tag":[80,429,407,409,396,430,431],"class_list":{"0":"post-2745","1":"product","2":"type-product","3":"status-publish","4":"has-post-thumbnail","6":"product_brand-luzzy-restaurant","7":"product_cat-burger","8":"product_tag-balli-hardal","9":"product_tag-cheddar-tavuk-burger","10":"product_tag-citir-tavuk-burger","11":"product_tag-double-crispy-chicken","12":"product_tag-luzzy-burger","13":"product_tag-marullu-burger","14":"product_tag-tursulu-burger","16":"first","17":"instock","18":"sale","19":"taxable","20":"shipping-taxable","21":"purchasable","22":"product-type-simple"},"aioseo_notices":[],"wcpa_form_fields":null,"_links":{"self":[{"href":"https:\/\/luzzyrestaurant.com\/en\/wp-json\/wp\/v2\/product\/2745","targetHints":{"allow":["GET"]}}],"collection":[{"href":"https:\/\/luzzyrestaurant.com\/en\/wp-json\/wp\/v2\/product"}],"about":[{"href":"https:\/\/luzzyrestaurant.com\/en\/wp-json\/wp\/v2\/types\/product"}],"replies":[{"embeddable":true,"href":"https:\/\/luzzyrestaurant.com\/en\/wp-json\/wp\/v2\/comments?post=2745"}],"wp:featuredmedia":[{"embeddable":true,"href":"https:\/\/luzzyrestaurant.com\/en\/wp-json\/wp\/v2\/media\/3048"}],"wp:attachment":[{"href":"https:\/\/luzzyrestaurant.com\/en\/wp-json\/wp\/v2\/media?parent=2745"}],"wp:term":[{"taxonomy":"product_brand","embeddable":true,"href":"https:\/\/luzzyrestaurant.com\/en\/wp-json\/wp\/v2\/product_brand?post=2745"},{"taxonomy":"product_cat","embeddable":true,"href":"https:\/\/luzzyrestaurant.com\/en\/wp-json\/wp\/v2\/product_cat?post=2745"},{"taxonomy":"product_tag","embeddable":true,"href":"https:\/\/luzzyrestaurant.com\/en\/wp-json\/wp\/v2\/product_tag?post=2745"}],"curies":[{"name":"wp","href":"https:\/\/api.w.org\/{rel}","templated":true}]}}