{"id":2737,"date":"2025-11-30T15:51:22","date_gmt":"2025-11-30T12:51:22","guid":{"rendered":"https:\/\/luzzyrestaurant.com\/?post_type=product&#038;p=2737"},"modified":"2026-01-27T00:11:38","modified_gmt":"2026-01-26T21:11:38","slug":"luzzy-big-burger","status":"publish","type":"product","link":"https:\/\/luzzyrestaurant.com\/en\/product\/luzzy-big-burger\/","title":{"rendered":"Luzzy Big Burger"},"content":{"rendered":"<p data-start=\"288\" data-end=\"696\">Ger\u00e7ek bir et \u015f\u00f6leni sunan <strong data-start=\"315\" data-end=\"335\">Luzzy Big Burger<\/strong>, g\u00fc\u00e7l\u00fc aromalar\u0131 ve zengin i\u00e7eri\u011fiyle burger tutkunlar\u0131n\u0131n vazge\u00e7ilmezi olmaya aday! \u00d6zenle haz\u0131rlanm\u0131\u015f <strong data-start=\"440\" data-end=\"464\">130 g burger k\u00f6ftesi<\/strong>, Luzzy\u2019ye \u00f6zel sosla harmanlanan <strong data-start=\"498\" data-end=\"531\">60 g tiftiklenmi\u015f kaburga eti<\/strong>, el yap\u0131m\u0131 <strong data-start=\"543\" data-end=\"558\">barbek\u00fc sos<\/strong>, eriyen <strong data-start=\"567\" data-end=\"586\">cheddar peyniri<\/strong> ve \u00e7\u0131t\u0131r dokusuyla lezzeti tamamlayan <strong data-start=\"625\" data-end=\"641\">so\u011fan \u00e7\u0131t\u0131r\u0131<\/strong> bir araya gelerek e\u015fsiz bir burger deneyimi sunuyor.<\/p>\n<p data-start=\"698\" data-end=\"890\">Her lokmada dumanl\u0131, soslu ve et a\u011f\u0131rl\u0131kl\u0131 bir lezzet ar\u0131yorsan\u0131z Luzzy Big Burger tam size g\u00f6re! Luzzy\u2019nin imza burgeri, yo\u011fun ve doyurucu yap\u0131s\u0131yla \u201cb\u00fcy\u00fck burger\u201d sevenlerin favorisi oluyor.<\/p>","protected":false},"excerpt":{"rendered":"<p>Burger k\u00f6ftesi (130 g), luzzy \u00f6zel soslu tiftiklenmi\u015f kaburga (60 g), el yap\u0131m\u0131 barbek\u00fc sos, 1 dilim cheddar peyniri ve \u00e7\u0131t\u0131r so\u011fan<\/p>","protected":false},"featured_media":3379,"comment_status":"open","ping_status":"closed","template":"","meta":{"inline_featured_image":false,"_monsterinsights_skip_tracking":false,"_monsterinsights_sitenote_active":false,"_monsterinsights_sitenote_note":"","_monsterinsights_sitenote_category":0},"product_brand":[72],"product_cat":[15],"product_tag":[398,422,440,420,439,416,396],"class_list":{"0":"post-2737","1":"product","2":"type-product","3":"status-publish","4":"has-post-thumbnail","6":"product_brand-luzzy-restaurant","7":"product_cat-burger","8":"product_tag-barbeku-burger","9":"product_tag-cheddar-burger","10":"product_tag-citir-sogan","11":"product_tag-gurme-burger","12":"product_tag-kaburgali-burger","13":"product_tag-luzzy-big-burger","14":"product_tag-luzzy-burger","16":"first","17":"instock","18":"sale","19":"taxable","20":"shipping-taxable","21":"purchasable","22":"product-type-simple"},"aioseo_notices":[],"wcpa_form_fields":null,"_links":{"self":[{"href":"https:\/\/luzzyrestaurant.com\/en\/wp-json\/wp\/v2\/product\/2737","targetHints":{"allow":["GET"]}}],"collection":[{"href":"https:\/\/luzzyrestaurant.com\/en\/wp-json\/wp\/v2\/product"}],"about":[{"href":"https:\/\/luzzyrestaurant.com\/en\/wp-json\/wp\/v2\/types\/product"}],"replies":[{"embeddable":true,"href":"https:\/\/luzzyrestaurant.com\/en\/wp-json\/wp\/v2\/comments?post=2737"}],"wp:featuredmedia":[{"embeddable":true,"href":"https:\/\/luzzyrestaurant.com\/en\/wp-json\/wp\/v2\/media\/3379"}],"wp:attachment":[{"href":"https:\/\/luzzyrestaurant.com\/en\/wp-json\/wp\/v2\/media?parent=2737"}],"wp:term":[{"taxonomy":"product_brand","embeddable":true,"href":"https:\/\/luzzyrestaurant.com\/en\/wp-json\/wp\/v2\/product_brand?post=2737"},{"taxonomy":"product_cat","embeddable":true,"href":"https:\/\/luzzyrestaurant.com\/en\/wp-json\/wp\/v2\/product_cat?post=2737"},{"taxonomy":"product_tag","embeddable":true,"href":"https:\/\/luzzyrestaurant.com\/en\/wp-json\/wp\/v2\/product_tag?post=2737"}],"curies":[{"name":"wp","href":"https:\/\/api.w.org\/{rel}","templated":true}]}}