{"id":3,"date":"2025-11-29T03:11:24","date_gmt":"2025-11-29T00:11:24","guid":{"rendered":"https:\/\/luzzyrestaurant.com\/?page_id=3"},"modified":"2025-12-06T14:48:01","modified_gmt":"2025-12-06T11:48:01","slug":"gizlilik-ilkesi","status":"publish","type":"page","link":"https:\/\/luzzyrestaurant.com\/en\/gizlilik-ilkesi\/","title":{"rendered":"Privacy Policy"},"content":{"rendered":"<p data-start=\"315\" data-end=\"341\">Son g\u00fcncelleme: 06.12.2025<\/p>\r\n<p data-start=\"343\" data-end=\"762\">Luzzy Restaurant (\u201c<strong data-start=\"362\" data-end=\"382\">Luzzy Restaurant<\/strong>\u201d veya \u201c<strong data-start=\"390\" data-end=\"401\">\u0130\u015fletme<\/strong>\u201d) olarak, <a class=\"decorated-link\" href=\"https:\/\/luzzyrestaurant.com\/en\/\" target=\"_new\" rel=\"noopener\" data-start=\"412\" data-end=\"435\">www.luzzyrestaurant.com<\/a> (\u201c<strong data-start=\"438\" data-end=\"446\">Site<\/strong>\u201d) \u00fczerinden sunulan hizmetler kapsam\u0131nda ki\u015fisel verilerinizin gizlili\u011fine ve g\u00fcvenli\u011fine \u00f6nem veriyoruz. Bu Gizlilik Politikas\u0131; Site\u2019yi ziyaret etti\u011finizde, online sipari\u015f\/rezervasyon\/ileti\u015fim kanallar\u0131n\u0131 kulland\u0131\u011f\u0131n\u0131zda ki\u015fisel verilerinizin hangi ama\u00e7larla i\u015flendi\u011fini ve hangi haklara sahip oldu\u011funuzu a\u00e7\u0131klar.<\/p>\r\n<h3 class=\"wp-block-heading\" data-start=\"764\" data-end=\"785\">1. Veri Sorumlusu<\/h3>\r\n<p data-start=\"786\" data-end=\"959\">Veri sorumlusu: <strong data-start=\"802\" data-end=\"822\">Luzzy Restaurant<\/strong><br data-start=\"822\" data-end=\"825\" \/>Address: <strong data-start=\"832\" data-end=\"885\">Merkez Mah., Harzem\u015fah Sk. No:10\/A Sisli\/Istanbul<\/strong><br data-start=\"885\" data-end=\"888\" \/>E-posta: <strong data-start=\"897\" data-end=\"929\"><a class=\"decorated-link cursor-pointer\" rel=\"noopener\" data-start=\"899\" data-end=\"927\">iletisim@luzzyrestaurant.com<\/a><\/strong><br data-start=\"929\" data-end=\"932\" \/>Telefon: <strong data-start=\"941\" data-end=\"959\">0212 233 32 38<\/strong><\/p>\r\n<h3 data-start=\"961\" data-end=\"991\">2. \u0130\u015flenen Ki\u015fisel Veriler<\/h3>\r\n<p data-start=\"992\" data-end=\"1049\">Kulland\u0131\u011f\u0131n\u0131z hizmete g\u00f6re a\u015fa\u011f\u0131daki veriler i\u015flenebilir:<\/p>\r\n<ul data-start=\"1050\" data-end=\"1573\">\r\n<li data-start=\"1050\" data-end=\"1114\">\r\n<p data-start=\"1052\" data-end=\"1114\"><strong data-start=\"1052\" data-end=\"1071\">Kimlik\/ileti\u015fim<\/strong>: ad-soyad (varsa), e-posta, telefon, adres<\/p>\r\n<\/li>\r\n<li data-start=\"1115\" data-end=\"1200\">\r\n<p data-start=\"1117\" data-end=\"1200\"><strong data-start=\"1117\" data-end=\"1138\">Sipari\u015f bilgileri<\/strong>: sipari\u015f i\u00e7eri\u011fi, teslimat notu, fatura\/fi\u015f bilgileri (varsa)<\/p>\r\n<\/li>\r\n<li data-start=\"1201\" data-end=\"1282\">\r\n<p data-start=\"1203\" data-end=\"1282\"><strong data-start=\"1203\" data-end=\"1222\">\u0130\u015flem g\u00fcvenli\u011fi<\/strong>: IP adresi, cihaz bilgileri, log kay\u0131tlar\u0131, \u00e7erez kay\u0131tlar\u0131<\/p>\r\n<\/li>\r\n<li data-start=\"1283\" data-end=\"1359\">\r\n<p data-start=\"1285\" data-end=\"1359\"><strong data-start=\"1285\" data-end=\"1302\">M\u00fc\u015fteri i\u015flem<\/strong>: talep\/\u015fik\u00e2yet kay\u0131tlar\u0131, m\u00fc\u015fteri hizmetleri yaz\u0131\u015fmalar\u0131<\/p>\r\n<\/li>\r\n<li data-start=\"1360\" data-end=\"1573\">\r\n<p data-start=\"1362\" data-end=\"1573\"><strong data-start=\"1362\" data-end=\"1371\">\u00d6deme<\/strong>: \u00d6deme i\u015flemleri, <strong data-start=\"1390\" data-end=\"1400\">iyzico<\/strong> gibi \u00f6deme hizmet sa\u011flay\u0131c\u0131lar\u0131 \u00fczerinden y\u00fcr\u00fct\u00fcl\u00fcr. <strong data-start=\"1454\" data-end=\"1496\">Kart bilgileriniz taraf\u0131m\u0131zca tutulmaz<\/strong>; \u00f6deme hizmet sa\u011flay\u0131c\u0131s\u0131 taraf\u0131ndan kendi g\u00fcvenlik standartlar\u0131yla i\u015flenir.<\/p>\r\n<\/li>\r\n<\/ul>\r\n<h3 data-start=\"1575\" data-end=\"1616\">3. Ki\u015fisel Verilerin \u0130\u015flenme Ama\u00e7lar\u0131<\/h3>\r\n<p data-start=\"1617\" data-end=\"1692\">Ki\u015fisel verileriniz, KVKK\u2019ya uygun \u015fekilde a\u015fa\u011f\u0131daki ama\u00e7larla i\u015flenebilir:<\/p>\r\n<ul data-start=\"1693\" data-end=\"2058\">\r\n<li data-start=\"1693\" data-end=\"1751\">\r\n<p data-start=\"1695\" data-end=\"1751\">Online sipari\u015fin al\u0131nmas\u0131, haz\u0131rlanmas\u0131, teslim edilmesi<\/p>\r\n<\/li>\r\n<li data-start=\"1752\" data-end=\"1800\">\r\n<p data-start=\"1754\" data-end=\"1800\">Rezervasyon\/ileti\u015fim taleplerinin kar\u015f\u0131lanmas\u0131<\/p>\r\n<\/li>\r\n<li data-start=\"1801\" data-end=\"1854\">\r\n<p data-start=\"1803\" data-end=\"1854\">Faturaland\u0131rma\/fi\u015f s\u00fcre\u00e7lerinin y\u00fcr\u00fct\u00fclmesi (varsa)<\/p>\r\n<\/li>\r\n<li data-start=\"1855\" data-end=\"1910\">\r\n<p data-start=\"1857\" data-end=\"1910\">M\u00fc\u015fteri memnuniyeti s\u00fcre\u00e7leri, talep\/\u015fik\u00e2yet y\u00f6netimi<\/p>\r\n<\/li>\r\n<li data-start=\"1911\" data-end=\"1972\">\r\n<p data-start=\"1913\" data-end=\"1972\">Site g\u00fcvenli\u011finin sa\u011flanmas\u0131 ve k\u00f6t\u00fcye kullan\u0131m\u0131n \u00f6nlenmesi<\/p>\r\n<\/li>\r\n<li data-start=\"1973\" data-end=\"2058\">\r\n<p data-start=\"1975\" data-end=\"2058\">Yasal y\u00fck\u00fcml\u00fcl\u00fcklerin yerine getirilmesi ve yetkili kurum taleplerinin kar\u015f\u0131lanmas\u0131<\/p>\r\n<\/li>\r\n<\/ul>\r\n<h3 data-start=\"2060\" data-end=\"2082\">4. Hukuki Sebepler<\/h3>\r\n<p data-start=\"2083\" data-end=\"2132\">Ki\u015fisel verileriniz KVKK m.5 ve m.6 kapsam\u0131nda;<\/p>\r\n<ul data-start=\"2133\" data-end=\"2386\">\r\n<li data-start=\"2133\" data-end=\"2188\">\r\n<p data-start=\"2135\" data-end=\"2188\"><strong data-start=\"2135\" data-end=\"2166\">S\u00f6zle\u015fmenin kurulmas\u0131\/ifas\u0131<\/strong> (sipari\u015f, teslimat)<\/p>\r\n<\/li>\r\n<li data-start=\"2189\" data-end=\"2257\">\r\n<p data-start=\"2191\" data-end=\"2257\"><strong data-start=\"2191\" data-end=\"2236\">Hukuki y\u00fck\u00fcml\u00fcl\u00fcklerin yerine getirilmesi<\/strong> (mali mevzuat vb.)<\/p>\r\n<\/li>\r\n<li data-start=\"2258\" data-end=\"2307\">\r\n<p data-start=\"2260\" data-end=\"2307\"><strong data-start=\"2260\" data-end=\"2277\">Me\u015fru menfaat<\/strong> (g\u00fcvenlik, hizmet kalitesi)<\/p>\r\n<\/li>\r\n<li data-start=\"2308\" data-end=\"2386\">\r\n<p data-start=\"2310\" data-end=\"2386\">Gerekli hallerde <strong data-start=\"2327\" data-end=\"2340\">a\u00e7\u0131k r\u0131za<\/strong><br data-start=\"2340\" data-end=\"2343\" \/>hukuki sebeplerine dayan\u0131larak i\u015flenebilir.<\/p>\r\n<\/li>\r\n<\/ul>\r\n<h3 data-start=\"2388\" data-end=\"2424\">5. Ki\u015fisel Verilerin Aktar\u0131lmas\u0131<\/h3>\r\n<p data-start=\"2425\" data-end=\"2512\">Verileriniz; hizmetin sa\u011flanmas\u0131 i\u00e7in gerekli olmas\u0131 halinde ve mevzuata uygun \u015fekilde:<\/p>\r\n<ul data-start=\"2513\" data-end=\"2775\">\r\n<li data-start=\"2513\" data-end=\"2553\">\r\n<p data-start=\"2515\" data-end=\"2553\"><strong data-start=\"2515\" data-end=\"2538\">\u00d6deme kurulu\u015flar\u0131na<\/strong> (\u00f6rn. iyzico),<\/p>\r\n<\/li>\r\n<li data-start=\"2554\" data-end=\"2600\">\r\n<p data-start=\"2556\" data-end=\"2600\"><strong data-start=\"2556\" data-end=\"2576\">Teslimat\/kuryeye<\/strong> (teslimat yap\u0131lacaksa),<\/p>\r\n<\/li>\r\n<li data-start=\"2601\" data-end=\"2649\">\r\n<p data-start=\"2603\" data-end=\"2649\"><strong data-start=\"2603\" data-end=\"2625\">BT altyap\u0131\/hosting<\/strong> hizmet sa\u011flay\u0131c\u0131lar\u0131na,<\/p>\r\n<\/li>\r\n<li data-start=\"2650\" data-end=\"2722\">\r\n<p data-start=\"2652\" data-end=\"2722\"><strong data-start=\"2652\" data-end=\"2671\">Muhasebe\/finans<\/strong> s\u00fcre\u00e7lerinde destek al\u0131nan hizmet sa\u011flay\u0131c\u0131lar\u0131na,<\/p>\r\n<\/li>\r\n<li data-start=\"2723\" data-end=\"2775\">\r\n<p data-start=\"2725\" data-end=\"2775\">Yetkili kamu kurum ve kurulu\u015flar\u0131na<br \/>aktar\u0131labilir.<\/p>\r\n<\/li>\r\n<\/ul>\r\n<h3 data-start=\"2777\" data-end=\"2800\">6. Saklama S\u00fcreleri<\/h3>\r\n<p data-start=\"2801\" data-end=\"3007\">Ki\u015fisel verileriniz, i\u015fleme amac\u0131n\u0131n gerektirdi\u011fi s\u00fcre boyunca ve ilgili mevzuatta \u00f6ng\u00f6r\u00fclen zamana\u015f\u0131m\u0131 \/ saklama s\u00fcreleri boyunca saklan\u0131r; s\u00fcrenin bitiminde silinir, yok edilir veya anonim hale getirilir.<\/p>\r\n<h3 data-start=\"3009\" data-end=\"3034\">7. \u00c7erezler (Cookies)<\/h3>\r\n<p data-start=\"3035\" data-end=\"3323\">Site\u2019de; kullan\u0131c\u0131 deneyimini geli\u015ftirmek, g\u00fcvenli\u011fi sa\u011flamak ve hizmetlerin \u00e7al\u0131\u015fmas\u0131n\u0131 temin etmek amac\u0131yla \u00e7erezler kullan\u0131labilir. Taray\u0131c\u0131 ayarlar\u0131n\u0131zdan \u00e7erezleri y\u00f6netebilir veya devre d\u0131\u015f\u0131 b\u0131rakabilirsiniz. (Not: Zorunlu \u00e7erezleri kapatmak sitenin baz\u0131 i\u015flevlerini etkileyebilir.)<\/p>\r\n<h3 data-start=\"3325\" data-end=\"3346\">8. Veri G\u00fcvenli\u011fi<\/h3>\r\n<p data-start=\"3347\" data-end=\"3514\">Ki\u015fisel verilerinizin g\u00fcvenli\u011fi i\u00e7in uygun teknik ve idari tedbirler al\u0131n\u0131r. Ancak internet \u00fczerinden yap\u0131lan veri iletiminin tamamen risksiz olmad\u0131\u011f\u0131 unutulmamal\u0131d\u0131r.<\/p>\r\n<h3 data-start=\"3516\" data-end=\"3551\">9. KVKK Kapsam\u0131ndaki Haklar\u0131n\u0131z<\/h3>\r\n<p data-start=\"3552\" data-end=\"3571\">KVKK m.11 uyar\u0131nca;<\/p>\r\n<ul data-start=\"3572\" data-end=\"4062\">\r\n<li data-start=\"3572\" data-end=\"3626\">\r\n<p data-start=\"3574\" data-end=\"3626\">Ki\u015fisel verilerinizin i\u015flenip i\u015flenmedi\u011fini \u00f6\u011frenme,<\/p>\r\n<\/li>\r\n<li data-start=\"3627\" data-end=\"3657\">\r\n<p data-start=\"3629\" data-end=\"3657\">\u0130\u015flenmi\u015fse bilgi talep etme,<\/p>\r\n<\/li>\r\n<li data-start=\"3658\" data-end=\"3710\">\r\n<p data-start=\"3660\" data-end=\"3710\">Amac\u0131na uygun kullan\u0131l\u0131p kullan\u0131lmad\u0131\u011f\u0131n\u0131 \u00f6\u011frenme,<\/p>\r\n<\/li>\r\n<li data-start=\"3711\" data-end=\"3758\">\r\n<p data-start=\"3713\" data-end=\"3758\">Yurti\u00e7i\/yurtd\u0131\u015f\u0131 aktar\u0131lan 3. ki\u015fileri bilme,<\/p>\r\n<\/li>\r\n<li data-start=\"3759\" data-end=\"3807\">\r\n<p data-start=\"3761\" data-end=\"3807\">Eksik\/yanl\u0131\u015f i\u015flenmi\u015fse d\u00fczeltilmesini isteme,<\/p>\r\n<\/li>\r\n<li data-start=\"3808\" data-end=\"3863\">\r\n<p data-start=\"3810\" data-end=\"3863\">\u015eartlar\u0131 olu\u015ftuysa silinmesini\/yok edilmesini isteme,<\/p>\r\n<\/li>\r\n<li data-start=\"3864\" data-end=\"3924\">\r\n<p data-start=\"3866\" data-end=\"3924\">Bu i\u015flemlerin aktar\u0131lan 3. ki\u015filere bildirilmesini isteme,<\/p>\r\n<\/li>\r\n<li data-start=\"3925\" data-end=\"3988\">\r\n<p data-start=\"3927\" data-end=\"3988\">Otomatik sistemlerle analiz sonucu aleyhe sonuca itiraz etme,<\/p>\r\n<\/li>\r\n<li data-start=\"3989\" data-end=\"4062\">\r\n<p data-start=\"3991\" data-end=\"4062\">Zarara u\u011framan\u0131z halinde giderilmesini talep etme<br \/>haklar\u0131na sahipsiniz.<\/p>\r\n<\/li>\r\n<\/ul>\r\n<p data-start=\"4064\" data-end=\"4148\">Taleplerinizi <strong data-start=\"4078\" data-end=\"4110\"><a class=\"decorated-link cursor-pointer\" rel=\"noopener\" data-start=\"4080\" data-end=\"4108\">iletisim@luzzyrestaurant.com<\/a><\/strong> adresine e-posta ile iletebilirsiniz.<\/p>","protected":false},"excerpt":{"rendered":"<p>Son g\u00fcncelleme: 06.12.2025 Luzzy Restaurant (\u201cLuzzy Restaurant\u201d veya \u201c\u0130\u015fletme\u201d) olarak, www.luzzyrestaurant.com (\u201cSite\u201d) \u00fczerinden sunulan hizmetler kapsam\u0131nda ki\u015fisel verilerinizin gizlili\u011fine ve g\u00fcvenli\u011fine \u00f6nem veriyoruz. Bu Gizlilik Politikas\u0131; Site\u2019yi ziyaret etti\u011finizde, online sipari\u015f\/rezervasyon\/ileti\u015fim kanallar\u0131n\u0131 kulland\u0131\u011f\u0131n\u0131zda ki\u015fisel verilerinizin hangi ama\u00e7larla i\u015flendi\u011fini ve hangi haklara sahip oldu\u011funuzu a\u00e7\u0131klar. 1. Veri Sorumlusu Veri sorumlusu: Luzzy RestaurantAdres: Merkez Mah., Harzem\u015fah Sk.<\/p>","protected":false},"author":1,"featured_media":0,"parent":0,"menu_order":0,"comment_status":"closed","ping_status":"open","template":"","meta":{"inline_featured_image":false,"_monsterinsights_skip_tracking":false,"_monsterinsights_sitenote_active":false,"_monsterinsights_sitenote_note":"","_monsterinsights_sitenote_category":0,"footnotes":""},"class_list":["post-3","page","type-page","status-publish","hentry"],"aioseo_notices":[],"_links":{"self":[{"href":"https:\/\/luzzyrestaurant.com\/en\/wp-json\/wp\/v2\/pages\/3","targetHints":{"allow":["GET"]}}],"collection":[{"href":"https:\/\/luzzyrestaurant.com\/en\/wp-json\/wp\/v2\/pages"}],"about":[{"href":"https:\/\/luzzyrestaurant.com\/en\/wp-json\/wp\/v2\/types\/page"}],"author":[{"embeddable":true,"href":"https:\/\/luzzyrestaurant.com\/en\/wp-json\/wp\/v2\/users\/1"}],"replies":[{"embeddable":true,"href":"https:\/\/luzzyrestaurant.com\/en\/wp-json\/wp\/v2\/comments?post=3"}],"version-history":[{"count":1,"href":"https:\/\/luzzyrestaurant.com\/en\/wp-json\/wp\/v2\/pages\/3\/revisions"}],"predecessor-version":[{"id":3292,"href":"https:\/\/luzzyrestaurant.com\/en\/wp-json\/wp\/v2\/pages\/3\/revisions\/3292"}],"wp:attachment":[{"href":"https:\/\/luzzyrestaurant.com\/en\/wp-json\/wp\/v2\/media?parent=3"}],"curies":[{"name":"wp","href":"https:\/\/api.w.org\/{rel}","templated":true}]}}